{"id":3,"date":"2022-03-12T06:14:29","date_gmt":"2022-03-12T06:14:29","guid":{"rendered":"https:\/\/fpbienesraices.com\/?page_id=3"},"modified":"2025-09-05T12:56:22","modified_gmt":"2025-09-05T18:56:22","slug":"privacy-policy","status":"publish","type":"page","link":"https:\/\/fpbienesraices.com\/en\/privacy-policy\/","title":{"rendered":"Notice of Privacy"},"content":{"rendered":"<p>FP Real Estate and Solutions, located at Carretera Tepic to Vallarta 5415 A Local 20, Postal Code 48291, Las Juntas District, Puerto Vallarta, Jalisco, Mexico, and on the website under the domain www.fpbienesraices.com, is responsible for the use and protection of your personal data, and we hereby inform you as follows:<\/p>\n\n\n\n<p>What information do we collect?<\/p>\n\n\n\n<p>The Personal Data that you provide through this website or directly at our business, through the use of our online services, in writing, and\/or by telephone, may include the following:<br>Name, RFC (Tax ID), Place of birth, Nationality, Address, Home phone, Cell phone, Email address, Work address, Institutional email, Employment references, Tax information, Credit history, Income, Bank accounts, Commercial references, etc.<\/p>\n\n\n\n<p>For what purposes may we use your personal data?<\/p>\n\n\n\n<p>We will use your personal information for the following purposes that allow us to provide you with better service:<\/p>\n\n\n\n<p>\u2022Identification and verification purposes.<br>\u2022Contact, Marketing, and\/or Advertising.<br>\u2022Offering our products and\/or services.<br>\u2022Participation in promotions and contests.<br>\u2022Providing products and\/or services requested by you.<br>\u2022Informing you about changes or new products or services offered.<br>\u2022Evaluating service quality.<br>\u2022Identifying consumption history or habits.<\/p>\n\n\n\n<p>With whom do we share your Personal Data?<\/p>\n\n\n\n<p>We may transfer your Personal Data to national or foreign third parties, subsidiary and affiliated companies, service providers for the promotion and marketing of our products and services, or as required by an authority. It is understood that you have given your consent to the transfer of your Personal Data if you do not express opposition to it.<br>The Personal Data you provide may be compiled and stored in a database owned exclusively by FP Real Estate and Solutions, which is not responsible for the content and privacy policies of third-party companies.<\/p>\n\n\n\n<p>How can you access, rectify, cancel your personal data, or object to its use?<\/p>\n\n\n\n<p>You have the right to know what personal data we have about you, how we use it, and the conditions of its use (Access). Likewise, you have the right to request the correction of your personal information if it is outdated, inaccurate, or incomplete (Rectification); to have it deleted from our records or databases when you consider that it is not being used properly (Cancellation); as well as to object to the use of your personal data for specific purposes (Objection). These rights are known as ARCO rights. To exercise any of the ARCO rights, you must submit the respective request through the following means:<\/p>\n\n\n\n<p>Call the telephone number 01(322) 224-9400 or send an email to info@fpbienesraices.com<\/p>\n\n\n\n<p>To learn about the procedure and requirements for exercising ARCO rights, we provide you with the following means: The office's telephone number.<\/p>\n\n\n\n<p>The contact information of the person or department in charge of processing ARCO rights requests is as follows:<\/p>\n\n\n\n<p>a) Attention to: FP Real Estate and Solutions<br>b) Address: Carretera Tepic to Vallarta 5415 A Local 20, Postal Code 48291, Las Juntas District, Puerto Vallarta, Jalisco, Mexico<br>c) Email: info@fpbienesraices.com<br>d) Telephone number: 01(322) 224-9400<\/p>\n\n\n\n<p>You can revoke your consent for the use of your personal data.<\/p>\n\n\n\n<p>You can revoke the consent you have granted us for the processing of your personal data. However, it is important to note that we may not always be able to comply with your request or cease use immediately, as we may be required to continue processing your personal data due to legal obligations. Additionally, you should consider that for certain purposes, revoking your consent may result in us not being able to continue providing the service you requested or ending your relationship with us.<\/p>\n\n\n\n<p>To revoke your consent, you must submit your request through the following means:<\/p>\n\n\n\n<p>Telephone 01(322) 224-9400 and email info@fpbienesraices.com<\/p>\n\n\n\n<p>How can you learn about changes to this privacy notice?<\/p>\n\n\n\n<p>This privacy notice may undergo modifications, changes, or updates due to new legal requirements, our own needs for the products or services we offer, our privacy practices, changes in our business model, or other causes. We are committed to keeping you informed about any changes that may occur to this privacy notice, through publication on our website: www.fpbienesraices.com.<\/p>","protected":false},"excerpt":{"rendered":"<p>FP BIENES RA\u00cdCES Y SOLUCIONES, con domicilio en Carretera Tepic a Vallarta 5415 A Local 20, C.P. 48291, Del. Las Juntas, Puerto Vallarta, Jalisco, Mx., y en el portal de internet bajo el dominio www.fpbienesraices.com es el responsable del uso y protecci\u00f3n de sus datos personales, y al respecto le informamos lo siguiente: \u00bfQu\u00e9 informaci\u00f3n recabamos? Los Datos Personales que usted proporcione a trav\u00e9s &#8230;<\/p>","protected":false},"author":1,"featured_media":0,"parent":0,"menu_order":0,"comment_status":"closed","ping_status":"open","template":"","meta":{"footnotes":""},"class_list":["post-3","page","type-page","status-publish","hentry"],"yoast_head":"<!-- This site is optimized with the Yoast SEO plugin v24.1 - https:\/\/yoast.com\/wordpress\/plugins\/seo\/ -->\n<title>Aviso de privacidad - FP Bienes Ra\u00edces y Soluciones<\/title>\n<meta name=\"robots\" content=\"index, follow, max-snippet:-1, max-image-preview:large, max-video-preview:-1\" \/>\n<link rel=\"canonical\" href=\"https:\/\/fpbienesraices.com\/en\/privacy-policy\/\" \/>\n<meta property=\"og:locale\" content=\"en_US\" \/>\n<meta property=\"og:type\" content=\"article\" \/>\n<meta property=\"og:title\" content=\"Aviso de privacidad - FP Bienes Ra\u00edces y Soluciones\" \/>\n<meta property=\"og:description\" content=\"FP BIENES RA\u00cdCES Y SOLUCIONES, con domicilio en Carretera Tepic a Vallarta 5415 A Local 20, C.P. 48291, Del. Las Juntas, Puerto Vallarta, Jalisco, Mx., y en el portal de internet bajo el dominio www.fpbienesraices.com es el responsable del uso y protecci\u00f3n de sus datos personales, y al respecto le informamos lo siguiente: \u00bfQu\u00e9 informaci\u00f3n recabamos? Los Datos Personales que usted proporcione a trav\u00e9s ...\" \/>\n<meta property=\"og:url\" content=\"https:\/\/fpbienesraices.com\/en\/privacy-policy\/\" \/>\n<meta property=\"og:site_name\" content=\"FP Bienes Ra\u00edces y Soluciones\" \/>\n<meta property=\"article:publisher\" content=\"https:\/\/www.facebook.com\/fpbienesraicesysolucionespv\" \/>\n<meta property=\"article:modified_time\" content=\"2025-09-05T18:56:22+00:00\" \/>\n<script type=\"application\/ld+json\" class=\"yoast-schema-graph\">{\"@context\":\"https:\/\/schema.org\",\"@graph\":[{\"@type\":\"WebPage\",\"@id\":\"https:\/\/fpbienesraices.com\/privacy-policy\/\",\"url\":\"https:\/\/fpbienesraices.com\/privacy-policy\/\",\"name\":\"Aviso de privacidad - FP Bienes Ra\u00edces y Soluciones\",\"isPartOf\":{\"@id\":\"https:\/\/fpbienesraices.com\/en\/#website\"},\"datePublished\":\"2022-03-12T06:14:29+00:00\",\"dateModified\":\"2025-09-05T18:56:22+00:00\",\"breadcrumb\":{\"@id\":\"https:\/\/fpbienesraices.com\/privacy-policy\/#breadcrumb\"},\"inLanguage\":\"en-US\",\"potentialAction\":[{\"@type\":\"ReadAction\",\"target\":[\"https:\/\/fpbienesraices.com\/privacy-policy\/\"]}]},{\"@type\":\"BreadcrumbList\",\"@id\":\"https:\/\/fpbienesraices.com\/privacy-policy\/#breadcrumb\",\"itemListElement\":[{\"@type\":\"ListItem\",\"position\":1,\"name\":\"Portada\",\"item\":\"https:\/\/fpbienesraices.com\/\"},{\"@type\":\"ListItem\",\"position\":2,\"name\":\"Aviso de privacidad\"}]},{\"@type\":\"WebSite\",\"@id\":\"https:\/\/fpbienesraices.com\/en\/#website\",\"url\":\"https:\/\/fpbienesraices.com\/en\/\",\"name\":\"FP Bienes Ra\u00edces y Soluciones\",\"description\":\"Agencia Imobiliaria en Puerto Vallarta y Bah\u00eda de Banderas\",\"publisher\":{\"@id\":\"https:\/\/fpbienesraices.com\/en\/#organization\"},\"alternateName\":\"FP Bienes\",\"potentialAction\":[{\"@type\":\"SearchAction\",\"target\":{\"@type\":\"EntryPoint\",\"urlTemplate\":\"https:\/\/fpbienesraices.com\/en\/?s={search_term_string}\"},\"query-input\":{\"@type\":\"PropertyValueSpecification\",\"valueRequired\":true,\"valueName\":\"search_term_string\"}}],\"inLanguage\":\"en-US\"},{\"@type\":\"Organization\",\"@id\":\"https:\/\/fpbienesraices.com\/en\/#organization\",\"name\":\"FP Bienes Ra\u00edces y Soluciones\",\"alternateName\":\"FP Bienes\",\"url\":\"https:\/\/fpbienesraices.com\/en\/\",\"logo\":{\"@type\":\"ImageObject\",\"inLanguage\":\"en-US\",\"@id\":\"https:\/\/fpbienesraices.com\/en\/#\/schema\/logo\/image\/\",\"url\":\"https:\/\/fpbienesraices.com\/wp-content\/uploads\/2025\/01\/LOGO-FP-redondo.jpg\",\"contentUrl\":\"https:\/\/fpbienesraices.com\/wp-content\/uploads\/2025\/01\/LOGO-FP-redondo.jpg\",\"width\":1080,\"height\":1080,\"caption\":\"FP Bienes Ra\u00edces y Soluciones\"},\"image\":{\"@id\":\"https:\/\/fpbienesraices.com\/en\/#\/schema\/logo\/image\/\"},\"sameAs\":[\"https:\/\/www.facebook.com\/fpbienesraicesysolucionespv\"]}]}<\/script>\n<!-- \/ Yoast SEO plugin. -->","yoast_head_json":{"title":"Aviso de privacidad - FP Bienes Ra\u00edces y Soluciones","robots":{"index":"index","follow":"follow","max-snippet":"max-snippet:-1","max-image-preview":"max-image-preview:large","max-video-preview":"max-video-preview:-1"},"canonical":"https:\/\/fpbienesraices.com\/en\/privacy-policy\/","og_locale":"en_US","og_type":"article","og_title":"Aviso de privacidad - FP Bienes Ra\u00edces y Soluciones","og_description":"FP BIENES RA\u00cdCES Y SOLUCIONES, con domicilio en Carretera Tepic a Vallarta 5415 A Local 20, C.P. 48291, Del. Las Juntas, Puerto Vallarta, Jalisco, Mx., y en el portal de internet bajo el dominio www.fpbienesraices.com es el responsable del uso y protecci\u00f3n de sus datos personales, y al respecto le informamos lo siguiente: \u00bfQu\u00e9 informaci\u00f3n recabamos? Los Datos Personales que usted proporcione a trav\u00e9s ...","og_url":"https:\/\/fpbienesraices.com\/en\/privacy-policy\/","og_site_name":"FP Bienes Ra\u00edces y Soluciones","article_publisher":"https:\/\/www.facebook.com\/fpbienesraicesysolucionespv","article_modified_time":"2025-09-05T18:56:22+00:00","schema":{"@context":"https:\/\/schema.org","@graph":[{"@type":"WebPage","@id":"https:\/\/fpbienesraices.com\/privacy-policy\/","url":"https:\/\/fpbienesraices.com\/privacy-policy\/","name":"Aviso de privacidad - FP Bienes Ra\u00edces y Soluciones","isPartOf":{"@id":"https:\/\/fpbienesraices.com\/en\/#website"},"datePublished":"2022-03-12T06:14:29+00:00","dateModified":"2025-09-05T18:56:22+00:00","breadcrumb":{"@id":"https:\/\/fpbienesraices.com\/privacy-policy\/#breadcrumb"},"inLanguage":"en-US","potentialAction":[{"@type":"ReadAction","target":["https:\/\/fpbienesraices.com\/privacy-policy\/"]}]},{"@type":"BreadcrumbList","@id":"https:\/\/fpbienesraices.com\/privacy-policy\/#breadcrumb","itemListElement":[{"@type":"ListItem","position":1,"name":"Portada","item":"https:\/\/fpbienesraices.com\/"},{"@type":"ListItem","position":2,"name":"Aviso de privacidad"}]},{"@type":"WebSite","@id":"https:\/\/fpbienesraices.com\/en\/#website","url":"https:\/\/fpbienesraices.com\/en\/","name":"FP Bienes Ra\u00edces y Soluciones","description":"Agencia Imobiliaria en Puerto Vallarta y Bah\u00eda de Banderas","publisher":{"@id":"https:\/\/fpbienesraices.com\/en\/#organization"},"alternateName":"FP Bienes","potentialAction":[{"@type":"SearchAction","target":{"@type":"EntryPoint","urlTemplate":"https:\/\/fpbienesraices.com\/en\/?s={search_term_string}"},"query-input":{"@type":"PropertyValueSpecification","valueRequired":true,"valueName":"search_term_string"}}],"inLanguage":"en-US"},{"@type":"Organization","@id":"https:\/\/fpbienesraices.com\/en\/#organization","name":"FP Bienes Ra\u00edces y Soluciones","alternateName":"FP Bienes","url":"https:\/\/fpbienesraices.com\/en\/","logo":{"@type":"ImageObject","inLanguage":"en-US","@id":"https:\/\/fpbienesraices.com\/en\/#\/schema\/logo\/image\/","url":"https:\/\/fpbienesraices.com\/wp-content\/uploads\/2025\/01\/LOGO-FP-redondo.jpg","contentUrl":"https:\/\/fpbienesraices.com\/wp-content\/uploads\/2025\/01\/LOGO-FP-redondo.jpg","width":1080,"height":1080,"caption":"FP Bienes Ra\u00edces y Soluciones"},"image":{"@id":"https:\/\/fpbienesraices.com\/en\/#\/schema\/logo\/image\/"},"sameAs":["https:\/\/www.facebook.com\/fpbienesraicesysolucionespv"]}]}},"_links":{"self":[{"href":"https:\/\/fpbienesraices.com\/en\/wp-json\/wp\/v2\/pages\/3","targetHints":{"allow":["GET"]}}],"collection":[{"href":"https:\/\/fpbienesraices.com\/en\/wp-json\/wp\/v2\/pages"}],"about":[{"href":"https:\/\/fpbienesraices.com\/en\/wp-json\/wp\/v2\/types\/page"}],"author":[{"embeddable":true,"href":"https:\/\/fpbienesraices.com\/en\/wp-json\/wp\/v2\/users\/1"}],"replies":[{"embeddable":true,"href":"https:\/\/fpbienesraices.com\/en\/wp-json\/wp\/v2\/comments?post=3"}],"version-history":[{"count":1,"href":"https:\/\/fpbienesraices.com\/en\/wp-json\/wp\/v2\/pages\/3\/revisions"}],"predecessor-version":[{"id":41965,"href":"https:\/\/fpbienesraices.com\/en\/wp-json\/wp\/v2\/pages\/3\/revisions\/41965"}],"wp:attachment":[{"href":"https:\/\/fpbienesraices.com\/en\/wp-json\/wp\/v2\/media?parent=3"}],"curies":[{"name":"wp","href":"https:\/\/api.w.org\/{rel}","templated":true}]}}