{"id":31719,"date":"2023-08-24T10:50:03","date_gmt":"2023-08-24T16:50:03","guid":{"rendered":"https:\/\/fpbienesraices.com\/?page_id=31719"},"modified":"2024-11-15T12:25:42","modified_gmt":"2024-11-15T18:25:42","slug":"enviar-queja","status":"publish","type":"page","link":"http:\/\/fpbienesraices.com\/en\/enviar-queja\/","title":{"rendered":"Buz\u00f3n de Quejas y Sugerencias"},"content":{"rendered":"\t\t<div data-elementor-type=\"wp-page\" data-elementor-id=\"31719\" class=\"elementor elementor-31719\" data-elementor-post-type=\"page\">\n\t\t\t\t\t\t\t\t\t<section class=\"elementor-section elementor-top-section elementor-element elementor-element-33ca4ae elementor-section-boxed elementor-section-height-default elementor-section-height-default\" data-id=\"33ca4ae\" data-element_type=\"section\">\n\t\t\t\t\t\t<div class=\"elementor-container elementor-column-gap-default\">\n\t\t\t\t\t<div class=\"elementor-column elementor-col-100 elementor-top-column elementor-element elementor-element-d4af000\" data-id=\"d4af000\" data-element_type=\"column\">\n\t\t\t<div class=\"elementor-widget-wrap elementor-element-populated\">\n\t\t\t\t\t\t\t\t<section class=\"elementor-section elementor-inner-section elementor-element elementor-element-1e77621c elementor-section-boxed elementor-section-height-default elementor-section-height-default\" data-id=\"1e77621c\" data-element_type=\"section\">\n\t\t\t\t\t\t<div class=\"elementor-container elementor-column-gap-default\">\n\t\t\t\t\t<div class=\"elementor-column elementor-col-100 elementor-inner-column elementor-element elementor-element-4303383c\" data-id=\"4303383c\" data-element_type=\"column\" data-settings=\"{&quot;background_background&quot;:&quot;classic&quot;}\">\n\t\t\t<div class=\"elementor-widget-wrap elementor-element-populated\">\n\t\t\t\t\t\t\t\t<div class=\"elementor-element elementor-element-334ea528 elementor-invisible elementor-widget elementor-widget-heading\" data-id=\"334ea528\" data-element_type=\"widget\" data-settings=\"{&quot;_animation&quot;:&quot;fadeIn&quot;,&quot;_animation_delay&quot;:50}\" data-widget_type=\"heading.default\">\n\t\t\t\t<div class=\"elementor-widget-container\">\n\t\t\t<style>\/*! elementor - v3.14.0 - 26-06-2023 *\/\n.elementor-heading-title{padding:0;margin:0;line-height:1}.elementor-widget-heading .elementor-heading-title[class*=elementor-size-]>a{color:inherit;font-size:inherit;line-height:inherit}.elementor-widget-heading .elementor-heading-title.elementor-size-small{font-size:15px}.elementor-widget-heading .elementor-heading-title.elementor-size-medium{font-size:19px}.elementor-widget-heading .elementor-heading-title.elementor-size-large{font-size:29px}.elementor-widget-heading .elementor-heading-title.elementor-size-xl{font-size:39px}.elementor-widget-heading .elementor-heading-title.elementor-size-xxl{font-size:59px}<\/style><h2 class=\"elementor-heading-title elementor-size-default\">Envianos tu retroalimentaci\u00f3n<\/h2>\t\t<\/div>\n\t\t\t\t<\/div>\n\t\t\t\t<div class=\"elementor-element elementor-element-677b00b9 elementor-button-align-stretch elementor-widget elementor-widget-WpResidence_Contact_Form_Builder\" data-id=\"677b00b9\" data-element_type=\"widget\" data-widget_type=\"WpResidence_Contact_Form_Builder.default\">\n\t\t\t\t<div class=\"elementor-widget-container\">\n\t\t\t\n\n\n\n\n        <form class=\"elementor-form wpresidence_elementor_form\"  id=\"wpresidence-elementor-form-677b00b9\" method=\"post\" >\n            <div class=\"alert-box error\">\n                <div class=\"alert-message\" id=\"alert-agent-contact\"><\/div>\n            <\/div>\n            <input name=\"prop_id\" type=\"hidden\"  id=\"agent_property_id\" value=\"\">\n            <input name=\"prop_id\" type=\"hidden\"  id=\"agent_id\" value=\"\">\n            <input name=\"prop_id\" type=\"hidden\"  id=\"contact_form_elementor\" value=\"1\">\n            <input type=\"hidden\" name=\"contact_ajax_nonce\" id=\"agent_property_ajax_nonce\"  value=\"79ec045df9\" \/>\n\n            \n            \n            <input type=\"hidden\" id=\"wpresidence_form_id\" name=\"wpresidence_form_id\" value=\"wpresidence_form_3329\" \/>\n        \n            <input type=\"hidden\" id=\"elementor_email_subject\" name=\"email_suject\" value=\"Queja o sugerencia\" \/>\n\n\n            <div class=\"elementor-form-fields-wrapper elementor-labels-above\">\n        <div class=\"elementor-field-group elementor-column form-group elementor-field-group-name elementor-col-50\"><label for=\"form-field-name\" class=\"elementor-field-label elementor-screen-only\">Nombre<\/label><input type=\"text\" name=\"name\" id=\"form-field-name\" class=\"elementor-field form-control elementor-size-sm elementor-field-textual\" placeholder=\"Nombre\"><\/div><div class=\"elementor-field-group elementor-column form-group elementor-field-group-5739027 elementor-col-50\"><label for=\"form-field-5739027\" class=\"elementor-field-label elementor-screen-only\">Numero Celular<\/label><input type=\"text\" name=\"mobile\" id=\"form-field-5739027\" class=\"elementor-field form-control elementor-size-sm elementor-field-textual\" placeholder=\"Numero Celular\"><\/div><div class=\"elementor-field-group elementor-column form-group elementor-field-group-email elementor-col-100\"><label for=\"form-field-email\" class=\"elementor-field-label elementor-screen-only\">Correo Electr\u00f3nico <\/label><input type=\"email\" name=\"email\" id=\"form-field-email\" class=\"elementor-field form-control elementor-size-sm elementor-field-textual\" placeholder=\"Correo Electr\u00f3nico \"><\/div><div class=\"elementor-field-group elementor-column form-group elementor-field-group-48f38ba elementor-field-required elementor-col-100\"><label for=\"form-field-48f38ba\" class=\"elementor-field-label elementor-screen-only\">Motivo*<\/label><input type=\"text\" name=\"text\" id=\"form-field-48f38ba\" class=\"elementor-field form-control elementor-size-sm elementor-field-textual\" required=\"required\" placeholder=\"Motivo\"><\/div><div class=\"elementor-field-group elementor-column form-group elementor-field-group-message elementor-col-100\"><label for=\"form-field-message\" class=\"elementor-field-label elementor-screen-only\">Message<\/label><textarea class=\"form-control elementor-field-textual elementor-field elementor-size-sm\" name=\"message\" id=\"form-field-message\" rows=\"4\" placeholder=\"Mensaje\"><\/textarea><\/div>\n                <div class=\"elementor-field-group elementor-column elementor-field-type-submit elementor-col-100\">\n                            <button type=\"submit\" class=\"agent_submit_class_elementor wpresidence_button wpresidence_button_elementor elementor-button elementor-size-md\">\n                    Enviar Queja o Sugerencia                            <\/button>\n\n                <\/div>\n            <\/div>\n\n\n\n        <\/form>\n\n\n\n\n        \t\t<\/div>\n\t\t\t\t<\/div>\n\t\t\t\t\t<\/div>\n\t\t<\/div>\n\t\t\t\t\t\t\t<\/div>\n\t\t<\/section>\n\t\t\t\t\t<\/div>\n\t\t<\/div>\n\t\t\t\t\t\t\t<\/div>\n\t\t<\/section>\n\t\t\t\t\t\t\t<\/div>\n\t\t","protected":false},"excerpt":{"rendered":"<p>Envianos tu retroalimentaci\u00f3n NombreNumero CelularCorreo Electr\u00f3nico Motivo*Message Enviar Queja o Sugerencia<\/p>","protected":false},"author":1,"featured_media":0,"parent":0,"menu_order":0,"comment_status":"closed","ping_status":"closed","template":"","meta":{"footnotes":""},"class_list":["post-31719","page","type-page","status-publish","hentry"],"yoast_head":"<!-- This site is optimized with the Yoast SEO plugin v24.1 - https:\/\/yoast.com\/wordpress\/plugins\/seo\/ -->\n<title>Buz\u00f3n de Quejas y Sugerencias - FP Bienes Ra\u00edces y Soluciones<\/title>\n<meta name=\"robots\" content=\"index, follow, max-snippet:-1, max-image-preview:large, max-video-preview:-1\" \/>\n<link rel=\"canonical\" href=\"https:\/\/fpbienesraices.com\/en\/enviar-queja\/\" \/>\n<meta property=\"og:locale\" content=\"en_US\" \/>\n<meta property=\"og:type\" content=\"article\" \/>\n<meta property=\"og:title\" content=\"Buz\u00f3n de Quejas y Sugerencias - FP Bienes Ra\u00edces y Soluciones\" \/>\n<meta property=\"og:description\" content=\"Envianos tu retroalimentaci\u00f3n NombreNumero CelularCorreo Electr\u00f3nico Motivo*Message Enviar Queja o Sugerencia\" \/>\n<meta property=\"og:url\" content=\"https:\/\/fpbienesraices.com\/en\/enviar-queja\/\" \/>\n<meta property=\"og:site_name\" content=\"FP Bienes Ra\u00edces y Soluciones\" \/>\n<meta property=\"article:publisher\" content=\"https:\/\/www.facebook.com\/fpbienesraicesysolucionespv\" \/>\n<meta property=\"article:modified_time\" content=\"2024-11-15T18:25:42+00:00\" \/>\n<script type=\"application\/ld+json\" class=\"yoast-schema-graph\">{\"@context\":\"https:\/\/schema.org\",\"@graph\":[{\"@type\":\"WebPage\",\"@id\":\"https:\/\/fpbienesraices.com\/enviar-queja\/\",\"url\":\"https:\/\/fpbienesraices.com\/enviar-queja\/\",\"name\":\"Buz\u00f3n de Quejas y Sugerencias - FP Bienes Ra\u00edces y Soluciones\",\"isPartOf\":{\"@id\":\"https:\/\/fpbienesraices.com\/en\/#website\"},\"datePublished\":\"2023-08-24T16:50:03+00:00\",\"dateModified\":\"2024-11-15T18:25:42+00:00\",\"breadcrumb\":{\"@id\":\"https:\/\/fpbienesraices.com\/enviar-queja\/#breadcrumb\"},\"inLanguage\":\"en-US\",\"potentialAction\":[{\"@type\":\"ReadAction\",\"target\":[\"https:\/\/fpbienesraices.com\/enviar-queja\/\"]}]},{\"@type\":\"BreadcrumbList\",\"@id\":\"https:\/\/fpbienesraices.com\/enviar-queja\/#breadcrumb\",\"itemListElement\":[{\"@type\":\"ListItem\",\"position\":1,\"name\":\"Portada\",\"item\":\"https:\/\/fpbienesraices.com\/\"},{\"@type\":\"ListItem\",\"position\":2,\"name\":\"Buz\u00f3n de Quejas y Sugerencias\"}]},{\"@type\":\"WebSite\",\"@id\":\"https:\/\/fpbienesraices.com\/en\/#website\",\"url\":\"https:\/\/fpbienesraices.com\/en\/\",\"name\":\"FP Bienes Ra\u00edces y Soluciones\",\"description\":\"Agencia Imobiliaria en Puerto Vallarta y Bah\u00eda de Banderas\",\"publisher\":{\"@id\":\"https:\/\/fpbienesraices.com\/en\/#organization\"},\"alternateName\":\"FP Bienes\",\"potentialAction\":[{\"@type\":\"SearchAction\",\"target\":{\"@type\":\"EntryPoint\",\"urlTemplate\":\"https:\/\/fpbienesraices.com\/en\/?s={search_term_string}\"},\"query-input\":{\"@type\":\"PropertyValueSpecification\",\"valueRequired\":true,\"valueName\":\"search_term_string\"}}],\"inLanguage\":\"en-US\"},{\"@type\":\"Organization\",\"@id\":\"https:\/\/fpbienesraices.com\/en\/#organization\",\"name\":\"FP Bienes Ra\u00edces y Soluciones\",\"alternateName\":\"FP Bienes\",\"url\":\"https:\/\/fpbienesraices.com\/en\/\",\"logo\":{\"@type\":\"ImageObject\",\"inLanguage\":\"en-US\",\"@id\":\"https:\/\/fpbienesraices.com\/en\/#\/schema\/logo\/image\/\",\"url\":\"https:\/\/fpbienesraices.com\/wp-content\/uploads\/2025\/01\/LOGO-FP-redondo.jpg\",\"contentUrl\":\"https:\/\/fpbienesraices.com\/wp-content\/uploads\/2025\/01\/LOGO-FP-redondo.jpg\",\"width\":1080,\"height\":1080,\"caption\":\"FP Bienes Ra\u00edces y Soluciones\"},\"image\":{\"@id\":\"https:\/\/fpbienesraices.com\/en\/#\/schema\/logo\/image\/\"},\"sameAs\":[\"https:\/\/www.facebook.com\/fpbienesraicesysolucionespv\"]}]}<\/script>\n<!-- \/ Yoast SEO plugin. -->","yoast_head_json":{"title":"Buz\u00f3n de Quejas y Sugerencias - FP Bienes Ra\u00edces y Soluciones","robots":{"index":"index","follow":"follow","max-snippet":"max-snippet:-1","max-image-preview":"max-image-preview:large","max-video-preview":"max-video-preview:-1"},"canonical":"https:\/\/fpbienesraices.com\/en\/enviar-queja\/","og_locale":"en_US","og_type":"article","og_title":"Buz\u00f3n de Quejas y Sugerencias - FP Bienes Ra\u00edces y Soluciones","og_description":"Envianos tu retroalimentaci\u00f3n NombreNumero CelularCorreo Electr\u00f3nico Motivo*Message Enviar Queja o Sugerencia","og_url":"https:\/\/fpbienesraices.com\/en\/enviar-queja\/","og_site_name":"FP Bienes Ra\u00edces y Soluciones","article_publisher":"https:\/\/www.facebook.com\/fpbienesraicesysolucionespv","article_modified_time":"2024-11-15T18:25:42+00:00","schema":{"@context":"https:\/\/schema.org","@graph":[{"@type":"WebPage","@id":"https:\/\/fpbienesraices.com\/enviar-queja\/","url":"https:\/\/fpbienesraices.com\/enviar-queja\/","name":"Buz\u00f3n de Quejas y Sugerencias - FP Bienes Ra\u00edces y Soluciones","isPartOf":{"@id":"https:\/\/fpbienesraices.com\/en\/#website"},"datePublished":"2023-08-24T16:50:03+00:00","dateModified":"2024-11-15T18:25:42+00:00","breadcrumb":{"@id":"https:\/\/fpbienesraices.com\/enviar-queja\/#breadcrumb"},"inLanguage":"en-US","potentialAction":[{"@type":"ReadAction","target":["https:\/\/fpbienesraices.com\/enviar-queja\/"]}]},{"@type":"BreadcrumbList","@id":"https:\/\/fpbienesraices.com\/enviar-queja\/#breadcrumb","itemListElement":[{"@type":"ListItem","position":1,"name":"Portada","item":"https:\/\/fpbienesraices.com\/"},{"@type":"ListItem","position":2,"name":"Buz\u00f3n de Quejas y Sugerencias"}]},{"@type":"WebSite","@id":"https:\/\/fpbienesraices.com\/en\/#website","url":"https:\/\/fpbienesraices.com\/en\/","name":"FP Bienes Ra\u00edces y Soluciones","description":"Agencia Imobiliaria en Puerto Vallarta y Bah\u00eda de Banderas","publisher":{"@id":"https:\/\/fpbienesraices.com\/en\/#organization"},"alternateName":"FP Bienes","potentialAction":[{"@type":"SearchAction","target":{"@type":"EntryPoint","urlTemplate":"https:\/\/fpbienesraices.com\/en\/?s={search_term_string}"},"query-input":{"@type":"PropertyValueSpecification","valueRequired":true,"valueName":"search_term_string"}}],"inLanguage":"en-US"},{"@type":"Organization","@id":"https:\/\/fpbienesraices.com\/en\/#organization","name":"FP Bienes Ra\u00edces y Soluciones","alternateName":"FP Bienes","url":"https:\/\/fpbienesraices.com\/en\/","logo":{"@type":"ImageObject","inLanguage":"en-US","@id":"https:\/\/fpbienesraices.com\/en\/#\/schema\/logo\/image\/","url":"https:\/\/fpbienesraices.com\/wp-content\/uploads\/2025\/01\/LOGO-FP-redondo.jpg","contentUrl":"https:\/\/fpbienesraices.com\/wp-content\/uploads\/2025\/01\/LOGO-FP-redondo.jpg","width":1080,"height":1080,"caption":"FP Bienes Ra\u00edces y Soluciones"},"image":{"@id":"https:\/\/fpbienesraices.com\/en\/#\/schema\/logo\/image\/"},"sameAs":["https:\/\/www.facebook.com\/fpbienesraicesysolucionespv"]}]}},"_links":{"self":[{"href":"http:\/\/fpbienesraices.com\/en\/wp-json\/wp\/v2\/pages\/31719","targetHints":{"allow":["GET"]}}],"collection":[{"href":"http:\/\/fpbienesraices.com\/en\/wp-json\/wp\/v2\/pages"}],"about":[{"href":"http:\/\/fpbienesraices.com\/en\/wp-json\/wp\/v2\/types\/page"}],"author":[{"embeddable":true,"href":"http:\/\/fpbienesraices.com\/en\/wp-json\/wp\/v2\/users\/1"}],"replies":[{"embeddable":true,"href":"http:\/\/fpbienesraices.com\/en\/wp-json\/wp\/v2\/comments?post=31719"}],"version-history":[{"count":6,"href":"http:\/\/fpbienesraices.com\/en\/wp-json\/wp\/v2\/pages\/31719\/revisions"}],"predecessor-version":[{"id":38058,"href":"http:\/\/fpbienesraices.com\/en\/wp-json\/wp\/v2\/pages\/31719\/revisions\/38058"}],"wp:attachment":[{"href":"http:\/\/fpbienesraices.com\/en\/wp-json\/wp\/v2\/media?parent=31719"}],"curies":[{"name":"wp","href":"https:\/\/api.w.org\/{rel}","templated":true}]}}